{"id":75,"date":"2015-12-20T19:53:37","date_gmt":"2015-12-20T18:53:37","guid":{"rendered":"http:\/\/3ike.de\/?page_id=75"},"modified":"2016-03-28T16:41:59","modified_gmt":"2016-03-28T14:41:59","slug":"about","status":"publish","type":"page","link":"https:\/\/3ike.de\/index.php\/about\/","title":{"rendered":"\u00dcber mich"},"content":{"rendered":"<p>Irgendwann passiert es, es macht klick und du bist angefixt. Der Gedanke so ein Liegerad, ein Trike, zu fahren l\u00e4sst dich nicht mehr los.<\/p>\n<p>Scorpion fx, ja das hatte es mir schon immer angetan. Aber der Preis, das viele Geld. Familie, Haus, andere Verpflichtungen&#8230; das war einfach nicht drin. Die Zeit \u00e4ndert sich, Lebensumst\u00e4nde \u00e4ndern sich. Gesundheit \u00e4ndert sich. Ultralaufsport geht nicht mehr. Es fehlt was, Bewegungsdrang.<\/p>\n<p>Radreisen gehen, machen Spa\u00df. Aber der R\u00fccken will nicht mehr so wie fr\u00fcher. Motorrad fahren? Nein, nur am Gashahn drehen und einen Stinker bewegen will ich nicht. Darum jetzt und hier, ein Trike muss her!<\/p>\n<p>Deshalb beginnt jetzt hier [m]ein Leben auf 3 R\u00e4dern.<\/p>\n","protected":false},"excerpt":{"rendered":"<p>Irgendwann passiert es, es macht klick und du bist angefixt. Der Gedanke so ein Liegerad, ein Trike, zu fahren l\u00e4sst dich nicht mehr los. Scorpion fx, ja das hatte es mir schon immer angetan. Aber der Preis, das viele Geld. Familie, Haus, andere Verpflichtungen&#8230; das war einfach nicht drin. Die Zeit \u00e4ndert sich, Lebensumst\u00e4nde \u00e4ndern sich. Gesundheit \u00e4ndert sich. Ultralaufsport [&#8230;]<\/p>\n","protected":false},"author":1,"featured_media":0,"parent":0,"menu_order":0,"comment_status":"closed","ping_status":"closed","template":"","meta":[],"_links":{"self":[{"href":"https:\/\/3ike.de\/index.php\/wp-json\/wp\/v2\/pages\/75"}],"collection":[{"href":"https:\/\/3ike.de\/index.php\/wp-json\/wp\/v2\/pages"}],"about":[{"href":"https:\/\/3ike.de\/index.php\/wp-json\/wp\/v2\/types\/page"}],"author":[{"embeddable":true,"href":"https:\/\/3ike.de\/index.php\/wp-json\/wp\/v2\/users\/1"}],"replies":[{"embeddable":true,"href":"https:\/\/3ike.de\/index.php\/wp-json\/wp\/v2\/comments?post=75"}],"version-history":[{"count":2,"href":"https:\/\/3ike.de\/index.php\/wp-json\/wp\/v2\/pages\/75\/revisions"}],"predecessor-version":[{"id":132,"href":"https:\/\/3ike.de\/index.php\/wp-json\/wp\/v2\/pages\/75\/revisions\/132"}],"wp:attachment":[{"href":"https:\/\/3ike.de\/index.php\/wp-json\/wp\/v2\/media?parent=75"}],"curies":[{"name":"wp","href":"https:\/\/api.w.org\/{rel}","templated":true}]}}